{"id":2,"date":"2024-10-23T05:53:42","date_gmt":"2024-10-23T05:53:42","guid":{"rendered":"https:\/\/vinarija-jelovecki.com\/?page_id=2"},"modified":"2025-02-06T13:58:32","modified_gmt":"2025-02-06T13:58:32","slug":"onama","status":"publish","type":"page","link":"https:\/\/vinarija-jelovecki.com\/index.php\/onama\/","title":{"rendered":"O nama"},"content":{"rendered":"\n<figure class=\"wp-block-image aligncenter size-large is-resized\"><img fetchpriority=\"high\" decoding=\"async\" width=\"1024\" height=\"683\" src=\"https:\/\/vinarija-jelovecki.com\/wp-content\/uploads\/2025\/02\/etikete-202425-1024x683.png\" alt=\"\" class=\"wp-image-65\" style=\"width:289px;height:auto\" srcset=\"https:\/\/vinarija-jelovecki.com\/wp-content\/uploads\/2025\/02\/etikete-202425-1024x683.png 1024w, https:\/\/vinarija-jelovecki.com\/wp-content\/uploads\/2025\/02\/etikete-202425-300x200.png 300w, https:\/\/vinarija-jelovecki.com\/wp-content\/uploads\/2025\/02\/etikete-202425-768x512.png 768w, https:\/\/vinarija-jelovecki.com\/wp-content\/uploads\/2025\/02\/etikete-202425-1536x1024.png 1536w, https:\/\/vinarija-jelovecki.com\/wp-content\/uploads\/2025\/02\/etikete-202425.png 1800w\" sizes=\"(max-width: 1024px) 100vw, 1024px\" \/><\/figure>\n\n\n\n<div class=\"wp-block-group is-layout-constrained wp-block-group-is-layout-constrained\">\n<figure class=\"wp-block-pullquote\"><blockquote><p>Vina Jelove\u010dki su nastala u maloj vinariji u blizini Sesveta, to\u010dnije u mjestu Budenec. Iako magistar ekonomije po struci, strast prema vinima je zapo\u010dela davne 2012. godine kada sam s ocem doslovno u gara\u017ei radio prvi put vino prema &#8220;\u0161alabahteru&#8221; na komadu papira napisanome debelim markerom. Isklju\u010divo smo radili bijelo vino za vlastite potrebe sorti kraljevina i gra\u0161evina. Bilo je i godina kada smo radili i crno vino mje\u0161avina crnih sorti. S vremenom sam radio vino samo za na\u0161e potrebe te nisam bio posebno zainteresiran neko vrijeme razvojem proizvodnje. Spletom okolnosti u na\u0161e susjedstvo je do\u0161ao jo\u0161 jedan vinar, i sada moj dobar susjed i prijatelj, Tomislav \u0160ereg koji je ujedno i vlasnik male &#8220;boutique&#8221; vinarije \u0160ereg uz kojeg se strast prema vinima opet pojavila te jako bitna stvar koju moram napomenuti da je Tomo osim dobrog susjeda i dobar mentor u proizvodnji vina. Na nagovor oca odlu\u010dio sam ove godine urediti vinski podrum sa ku\u0161aonom te prvi put proizvesti i poluslatko vino sorte Mu\u0161kat \u017euti. U planu su i nove sorte uz ove navedene ali idemo polako, korak po korak do savr\u0161enstva.<br><\/p><cite>Kre\u0161imir Jelove\u010dki<\/cite><\/blockquote><\/figure>\n\n\n\n<figure class=\"wp-block-gallery has-nested-images columns-default is-cropped wp-block-gallery-1 is-layout-flex wp-block-gallery-is-layout-flex\">\n<figure class=\"wp-block-image size-large\"><img decoding=\"async\" width=\"768\" height=\"1024\" data-id=\"79\" src=\"https:\/\/vinarija-jelovecki.com\/wp-content\/uploads\/2025\/02\/2012-prerada-prva-sloika-768x1024.jpg\" alt=\"\" class=\"wp-image-79\" srcset=\"https:\/\/vinarija-jelovecki.com\/wp-content\/uploads\/2025\/02\/2012-prerada-prva-sloika-768x1024.jpg 768w, https:\/\/vinarija-jelovecki.com\/wp-content\/uploads\/2025\/02\/2012-prerada-prva-sloika-225x300.jpg 225w, https:\/\/vinarija-jelovecki.com\/wp-content\/uploads\/2025\/02\/2012-prerada-prva-sloika-1152x1536.jpg 1152w, https:\/\/vinarija-jelovecki.com\/wp-content\/uploads\/2025\/02\/2012-prerada-prva-sloika-1536x2048.jpg 1536w, https:\/\/vinarija-jelovecki.com\/wp-content\/uploads\/2025\/02\/2012-prerada-prva-sloika-scaled.jpg 1920w\" sizes=\"(max-width: 768px) 100vw, 768px\" \/><figcaption class=\"wp-element-caption\">2012. godina<\/figcaption><\/figure>\n\n\n\n<figure class=\"wp-block-image size-large\"><img decoding=\"async\" width=\"768\" height=\"1024\" data-id=\"78\" src=\"https:\/\/vinarija-jelovecki.com\/wp-content\/uploads\/2025\/02\/prerada2014-768x1024.jpg\" alt=\"\" class=\"wp-image-78\" srcset=\"https:\/\/vinarija-jelovecki.com\/wp-content\/uploads\/2025\/02\/prerada2014-768x1024.jpg 768w, https:\/\/vinarija-jelovecki.com\/wp-content\/uploads\/2025\/02\/prerada2014-225x300.jpg 225w, https:\/\/vinarija-jelovecki.com\/wp-content\/uploads\/2025\/02\/prerada2014-1152x1536.jpg 1152w, https:\/\/vinarija-jelovecki.com\/wp-content\/uploads\/2025\/02\/prerada2014-1536x2048.jpg 1536w, https:\/\/vinarija-jelovecki.com\/wp-content\/uploads\/2025\/02\/prerada2014-scaled.jpg 1920w\" sizes=\"(max-width: 768px) 100vw, 768px\" \/><figcaption class=\"wp-element-caption\">2013. godina<\/figcaption><\/figure>\n\n\n\n<figure class=\"wp-block-image size-large\"><img loading=\"lazy\" decoding=\"async\" width=\"768\" height=\"1024\" data-id=\"80\" src=\"https:\/\/vinarija-jelovecki.com\/wp-content\/uploads\/2025\/02\/IMG_0422web-768x1024.jpg\" alt=\"\" class=\"wp-image-80\" srcset=\"https:\/\/vinarija-jelovecki.com\/wp-content\/uploads\/2025\/02\/IMG_0422web-768x1024.jpg 768w, https:\/\/vinarija-jelovecki.com\/wp-content\/uploads\/2025\/02\/IMG_0422web-225x300.jpg 225w, https:\/\/vinarija-jelovecki.com\/wp-content\/uploads\/2025\/02\/IMG_0422web-1152x1536.jpg 1152w, https:\/\/vinarija-jelovecki.com\/wp-content\/uploads\/2025\/02\/IMG_0422web-1536x2048.jpg 1536w, https:\/\/vinarija-jelovecki.com\/wp-content\/uploads\/2025\/02\/IMG_0422web-scaled.jpg 1920w\" sizes=\"(max-width: 768px) 100vw, 768px\" \/><figcaption class=\"wp-element-caption\">2014. godina<\/figcaption><\/figure>\n<\/figure>\n<\/div>\n\n\n\n<p><\/p>\n","protected":false},"excerpt":{"rendered":"<p>Vina Jelove\u010dki su nastala u maloj vinariji u blizini Sesveta, to\u010dnije u mjestu Budenec. Iako magistar ekonomije po struci, strast prema vinima je zapo\u010dela davne 2012. godine kada sam s ocem doslovno u gara\u017ei radio prvi put vino prema &#8220;\u0161alabahteru&#8221; na komadu papira napisanome debelim markerom. Isklju\u010divo smo radili bijelo vino za vlastite potrebe sorti [&hellip;]<\/p>\n","protected":false},"author":1,"featured_media":0,"parent":0,"menu_order":0,"comment_status":"closed","ping_status":"open","template":"","meta":{"footnotes":""},"class_list":["post-2","page","type-page","status-publish","hentry"],"_links":{"self":[{"href":"https:\/\/vinarija-jelovecki.com\/index.php\/wp-json\/wp\/v2\/pages\/2","targetHints":{"allow":["GET"]}}],"collection":[{"href":"https:\/\/vinarija-jelovecki.com\/index.php\/wp-json\/wp\/v2\/pages"}],"about":[{"href":"https:\/\/vinarija-jelovecki.com\/index.php\/wp-json\/wp\/v2\/types\/page"}],"author":[{"embeddable":true,"href":"https:\/\/vinarija-jelovecki.com\/index.php\/wp-json\/wp\/v2\/users\/1"}],"replies":[{"embeddable":true,"href":"https:\/\/vinarija-jelovecki.com\/index.php\/wp-json\/wp\/v2\/comments?post=2"}],"version-history":[{"count":2,"href":"https:\/\/vinarija-jelovecki.com\/index.php\/wp-json\/wp\/v2\/pages\/2\/revisions"}],"predecessor-version":[{"id":81,"href":"https:\/\/vinarija-jelovecki.com\/index.php\/wp-json\/wp\/v2\/pages\/2\/revisions\/81"}],"wp:attachment":[{"href":"https:\/\/vinarija-jelovecki.com\/index.php\/wp-json\/wp\/v2\/media?parent=2"}],"curies":[{"name":"wp","href":"https:\/\/api.w.org\/{rel}","templated":true}]}}