{"id":67,"date":"2025-02-06T13:10:01","date_gmt":"2025-02-06T13:10:01","guid":{"rendered":"https:\/\/vinarija-jelovecki.com\/?page_id=67"},"modified":"2025-05-15T17:02:12","modified_gmt":"2025-05-15T17:02:12","slug":"vina","status":"publish","type":"page","link":"https:\/\/vinarija-jelovecki.com\/index.php\/vina\/","title":{"rendered":"Vina"},"content":{"rendered":"\n<p><\/p>\n\n\n\n<p><\/p>\n\n\n\n<div class=\"wp-block-columns is-layout-flex wp-container-core-columns-is-layout-28f84493 wp-block-columns-is-layout-flex\">\n<div class=\"wp-block-column is-layout-flow wp-block-column-is-layout-flow\">\n<figure class=\"wp-block-image aligncenter size-large is-resized\"><img fetchpriority=\"high\" decoding=\"async\" width=\"223\" height=\"1024\" src=\"https:\/\/vinarija-jelovecki.com\/wp-content\/uploads\/2025\/02\/IMG_9072web-2-223x1024.png\" alt=\"\" class=\"wp-image-70\" style=\"width:112px;height:auto\" srcset=\"https:\/\/vinarija-jelovecki.com\/wp-content\/uploads\/2025\/02\/IMG_9072web-2-223x1024.png 223w, https:\/\/vinarija-jelovecki.com\/wp-content\/uploads\/2025\/02\/IMG_9072web-2-446x2048.png 446w, https:\/\/vinarija-jelovecki.com\/wp-content\/uploads\/2025\/02\/IMG_9072web-2.png 465w\" sizes=\"(max-width: 223px) 100vw, 223px\" \/><\/figure>\n<\/div>\n\n\n\n<div class=\"wp-block-column is-layout-flow wp-block-column-is-layout-flow\">\n<figure class=\"wp-block-pullquote\"><blockquote><p><strong>GRA\u0160EVINA JELOVE\u010cKI<br>berba 2024.<\/strong><br>Suho bijelo vino<br>Alkohol: 12,5%<br>Vinogorje kontinentalne Hrvatske<br>Dostupna pakiranja:<br>Butelja 0,75L<br>PET ambala\u017ea 3 i 5L<\/p><\/blockquote><\/figure>\n<\/div>\n<\/div>\n\n\n\n<div class=\"wp-block-columns is-layout-flex wp-container-core-columns-is-layout-28f84493 wp-block-columns-is-layout-flex\">\n<div class=\"wp-block-column is-layout-flow wp-block-column-is-layout-flow\">\n<figure class=\"wp-block-image aligncenter size-large is-resized\"><img decoding=\"async\" width=\"558\" height=\"1024\" src=\"https:\/\/vinarija-jelovecki.com\/wp-content\/uploads\/2025\/05\/IMG_129245588-558x1024.png\" alt=\"\" class=\"wp-image-89\" style=\"width:289px;height:auto\" srcset=\"https:\/\/vinarija-jelovecki.com\/wp-content\/uploads\/2025\/05\/IMG_129245588-558x1024.png 558w, https:\/\/vinarija-jelovecki.com\/wp-content\/uploads\/2025\/05\/IMG_129245588-164x300.png 164w, https:\/\/vinarija-jelovecki.com\/wp-content\/uploads\/2025\/05\/IMG_129245588-768x1409.png 768w, https:\/\/vinarija-jelovecki.com\/wp-content\/uploads\/2025\/05\/IMG_129245588-837x1536.png 837w, https:\/\/vinarija-jelovecki.com\/wp-content\/uploads\/2025\/05\/IMG_129245588.png 856w\" sizes=\"(max-width: 558px) 100vw, 558px\" \/><\/figure>\n<\/div>\n\n\n\n<div class=\"wp-block-column is-layout-flow wp-block-column-is-layout-flow\">\n<figure class=\"wp-block-pullquote\"><blockquote><p>MU\u0160KAT \u017dUTI<br>berba 2024.<br>Poluslatko vino<br>Alkohol: 12%<br>Slovensko vinogorje Ormo\u017e<br>Dostupna pakiranja:<br>Butelja 0,75L<\/p><\/blockquote><\/figure>\n<\/div>\n<\/div>\n","protected":false},"excerpt":{"rendered":"<p>GRA\u0160EVINA JELOVE\u010cKIberba 2024.Suho bijelo vinoAlkohol: 12,5%Vinogorje kontinentalne HrvatskeDostupna pakiranja:Butelja 0,75LPET ambala\u017ea 3 i 5L MU\u0160KAT \u017dUTIberba 2024.Poluslatko vinoAlkohol: 12%Slovensko vinogorje Ormo\u017eDostupna pakiranja:Butelja 0,75L<\/p>\n","protected":false},"author":1,"featured_media":0,"parent":0,"menu_order":0,"comment_status":"closed","ping_status":"closed","template":"","meta":{"footnotes":""},"class_list":["post-67","page","type-page","status-publish","hentry"],"_links":{"self":[{"href":"https:\/\/vinarija-jelovecki.com\/index.php\/wp-json\/wp\/v2\/pages\/67","targetHints":{"allow":["GET"]}}],"collection":[{"href":"https:\/\/vinarija-jelovecki.com\/index.php\/wp-json\/wp\/v2\/pages"}],"about":[{"href":"https:\/\/vinarija-jelovecki.com\/index.php\/wp-json\/wp\/v2\/types\/page"}],"author":[{"embeddable":true,"href":"https:\/\/vinarija-jelovecki.com\/index.php\/wp-json\/wp\/v2\/users\/1"}],"replies":[{"embeddable":true,"href":"https:\/\/vinarija-jelovecki.com\/index.php\/wp-json\/wp\/v2\/comments?post=67"}],"version-history":[{"count":3,"href":"https:\/\/vinarija-jelovecki.com\/index.php\/wp-json\/wp\/v2\/pages\/67\/revisions"}],"predecessor-version":[{"id":90,"href":"https:\/\/vinarija-jelovecki.com\/index.php\/wp-json\/wp\/v2\/pages\/67\/revisions\/90"}],"wp:attachment":[{"href":"https:\/\/vinarija-jelovecki.com\/index.php\/wp-json\/wp\/v2\/media?parent=67"}],"curies":[{"name":"wp","href":"https:\/\/api.w.org\/{rel}","templated":true}]}}